{"id":1353,"date":"2023-07-01T16:20:27","date_gmt":"2023-07-01T19:20:27","guid":{"rendered":"https:\/\/engonline.com.br\/engprojetos\/?post_type=product&#038;p=1353"},"modified":"2024-12-29T16:20:11","modified_gmt":"2024-12-29T19:20:11","slug":"projeto-estrutural-101-a-200m%c2%b2-fundacao-estrutura","status":"publish","type":"product","link":"https:\/\/engonline.com.br\/engprojetos\/produto\/projeto-estrutural-101-a-200m%c2%b2-fundacao-estrutura\/","title":{"rendered":"Projeto Estrutural 101 a 200m\u00b2 (Funda\u00e7\u00e3o + Estrutura)"},"content":{"rendered":"","protected":false},"excerpt":{"rendered":"<h1>Contrate seu <span style=\"color: #fea701;\"><strong>Projeto Estrutural Online<\/strong><\/span> r\u00e1pido e f\u00e1cil.<\/h1>\n<h2>Como contratar seu Projeto Estrutural?<br \/>\nVeja como funciona:<\/h2>\n<ol>\n<li>Clique no bot\u00e3o e fa\u00e7a a <span style=\"color: #fea701;\"><strong>Contrata\u00e7\u00e3o<\/strong> <strong>Online<\/strong><\/span>;<\/li>\n<li>Ap\u00f3s o <span style=\"color: #fea701;\"><strong>pagamento<\/strong><\/span> voc\u00ea ir\u00e1 receber a <span style=\"color: #fea701;\"><strong>confirma\u00e7\u00e3o<\/strong><\/span> da <span style=\"color: #fea701;\"><strong>contrata\u00e7\u00e3o<\/strong><\/span>;<\/li>\n<li>Envie seu <strong><span style=\"color: #fea701;\">Projeto Arquitet\u00f4nico<\/span><\/strong> para o e-mail <span style=\"color: #fea701;\"><strong>facil@engonline.com.br<\/strong><\/span>;<\/li>\n<li>O <strong><span style=\"color: #fea701;\">prazo<\/span><\/strong> ser\u00e1 <span style=\"color: #fea701;\"><strong>informado<\/strong><\/span> na confirma\u00e7\u00e3o da contrata\u00e7\u00e3o (entorno de 7 dias \u00fateis por projeto contratado);<\/li>\n<li>Se houver alguma <span style=\"color: #fea701;\"><strong>solu\u00e7\u00e3o especial<\/strong><\/span> que dever\u00e1 ser realizada <span style=\"color: #fea701;\"><strong>iremos<\/strong><\/span> entrar em contato para confirmar;<\/li>\n<li>Receba seu projeto em arquivo <span style=\"color: #fea701;\"><strong>DWG<\/strong><\/span> no prazo descrito na confirma\u00e7\u00e3o por <span style=\"color: #fea701;\"><strong>e-mail<\/strong><\/span>.<\/li>\n<\/ol>\n<h2>Pre\u00e7os:<\/h2>\n<p>R$1360,00 &#8211; Projeto Estrutural: Projeto de Funda\u00e7\u00e3o + Projeto de Estrutura<br \/>\nObs.: N\u00e3o est\u00e1 incluso Projetos de Arrimos\/Conten\u00e7\u00f5es e Piscina.<\/p>\n<h2>Prazos:<\/h2>\n<p>Projetos at\u00e9 500 m\u00b2 prazo de 10 a 15 dias \u00fateis.<br \/>\nProjeto de 501 a 1000 m\u00b2 prazo de 15 a 20 dias \u00fateis.<br \/>\nProjeto de 1001 a 3000 m\u00b2 prazo de 20 a 30 dias \u00fateis.<br \/>\nAcima de 3001 m\u00b2 prazo de 30 a 60 dias \u00fateis.<\/p>\n<h2>O que est\u00e1 incluso no <span style=\"color: #fea701;\">Projeto Estrutural<\/span>:<\/h2>\n<p><img loading=\"lazy\" decoding=\"async\" class=\"alignnone size-medium\" src=\"https:\/\/www.plantapronta.com.br\/img\/check.png\" width=\"15\" height=\"15\" \/>Planta de Loca\u00e7\u00e3o \/ Detalhe de Arma\u00e7\u00e3o das Sapatas ou Blocos, Estacas ou Brocas<br \/>\n<img loading=\"lazy\" decoding=\"async\" class=\"alignnone size-medium\" src=\"https:\/\/www.plantapronta.com.br\/img\/check.png\" width=\"15\" height=\"15\" \/>Detalhe de Arma\u00e7\u00e3o dos Pilares<br \/>\n<img loading=\"lazy\" decoding=\"async\" class=\"alignnone size-medium\" src=\"https:\/\/www.plantapronta.com.br\/img\/check.png\" width=\"15\" height=\"15\" \/>Planta de Forma \/ 3D da Estrutura \/ Lajes \/ Detalhes<br \/>\n<img loading=\"lazy\" decoding=\"async\" class=\"alignnone size-medium\" src=\"https:\/\/www.plantapronta.com.br\/img\/check.png\" width=\"15\" height=\"15\" \/>Detalhe de Arma\u00e7\u00e3o de Escadas<br \/>\n<img loading=\"lazy\" decoding=\"async\" class=\"alignnone size-medium\" src=\"https:\/\/www.plantapronta.com.br\/img\/check.png\" width=\"15\" height=\"15\" \/>Detalhe de Arma\u00e7\u00e3o das Vigas<\/p>\n<h2>Informe a \u00e1rea total a construir na <span style=\"color: #fea701;\">Caixa Abaixo <\/span>clique em &#8220;contratar&#8221;:<\/h2>\n","protected":false},"featured_media":69,"comment_status":"open","ping_status":"closed","template":"","meta":[],"product_cat":[24,18],"product_tag":[81,20,19,21],"class_list":["post-1353","product","type-product","status-publish","has-post-thumbnail","hentry","product_cat-criacao-do-zero","product_cat-projeto-estrutural","product_tag-101-a-200m","product_tag-estrutural","product_tag-projeto","product_tag-projeto-estrutural"],"_links":{"self":[{"href":"https:\/\/engonline.com.br\/engprojetos\/wp-json\/wp\/v2\/product\/1353","targetHints":{"allow":["GET"]}}],"collection":[{"href":"https:\/\/engonline.com.br\/engprojetos\/wp-json\/wp\/v2\/product"}],"about":[{"href":"https:\/\/engonline.com.br\/engprojetos\/wp-json\/wp\/v2\/types\/product"}],"replies":[{"embeddable":true,"href":"https:\/\/engonline.com.br\/engprojetos\/wp-json\/wp\/v2\/comments?post=1353"}],"version-history":[{"count":7,"href":"https:\/\/engonline.com.br\/engprojetos\/wp-json\/wp\/v2\/product\/1353\/revisions"}],"predecessor-version":[{"id":2112,"href":"https:\/\/engonline.com.br\/engprojetos\/wp-json\/wp\/v2\/product\/1353\/revisions\/2112"}],"wp:featuredmedia":[{"embeddable":true,"href":"https:\/\/engonline.com.br\/engprojetos\/wp-json\/wp\/v2\/media\/69"}],"wp:attachment":[{"href":"https:\/\/engonline.com.br\/engprojetos\/wp-json\/wp\/v2\/media?parent=1353"}],"wp:term":[{"taxonomy":"product_cat","embeddable":true,"href":"https:\/\/engonline.com.br\/engprojetos\/wp-json\/wp\/v2\/product_cat?post=1353"},{"taxonomy":"product_tag","embeddable":true,"href":"https:\/\/engonline.com.br\/engprojetos\/wp-json\/wp\/v2\/product_tag?post=1353"}],"curies":[{"name":"wp","href":"https:\/\/api.w.org\/{rel}","templated":true}]}}