{"id":1601,"date":"2023-07-24T16:48:06","date_gmt":"2023-07-24T19:48:06","guid":{"rendered":"https:\/\/engonline.com.br\/engprojetos\/?post_type=product&#038;p=1601"},"modified":"2024-12-29T17:58:30","modified_gmt":"2024-12-29T20:58:30","slug":"planta-pronta-55m%c2%b2-pop0003-sala-cozinha-02-quartos-banho-social","status":"publish","type":"product","link":"https:\/\/engonline.com.br\/engprojetos\/produto\/planta-pronta-55m%c2%b2-pop0003-sala-cozinha-02-quartos-banho-social\/","title":{"rendered":"Planta Pronta, 55m\u00b2 (POP0003) Sala, Cozinha, 02 Quartos, Banho"},"content":{"rendered":"<h1>Planta Pronta, 55m\u00b2 (POP0003) Sala, Cozinha, 02 Quartos, Banho<\/h1>\n<p>Pague com seguran\u00e7a via <a href=\"https:\/\/www.mercadopago.com.br\/\">MercadoPago<\/a>.<\/p>\n<p>Informa\u00e7\u00f5es t\u00e9cnicas (Confira as informa\u00e7\u00f5es abaixo para implantar o projeto em seu terreno. Procure um profissional local para te auxiliar e para o processo de alvar\u00e1 quando necess\u00e1rio.)<\/p>\n<table class=\"infoTecnicas\" width=\"100%\">\n<tbody>\n<tr>\n<td colspan=\"2\"><strong>Caracter\u00edsticas\u00a0da Constru\u00e7\u00e3o<\/strong><\/td>\n<\/tr>\n<tr>\n<td>\u00c1rea<\/td>\n<td>55,44\u00a0metros quadrados<\/td>\n<\/tr>\n<tr>\n<td>Largura<\/td>\n<td>6,30\u00a0metros<\/td>\n<\/tr>\n<tr>\n<td>Comprimento<\/td>\n<td>8,80 metros<\/td>\n<\/tr>\n<\/tbody>\n<\/table>\n<table class=\"infoTecnicas\" width=\"100%\">\n<tbody>\n<tr>\n<td colspan=\"2\"><strong>Medidas do Terreno<\/strong><\/td>\n<\/tr>\n<tr>\n<td>Largura<\/td>\n<td>10,00\u00a0metros ou maior<\/td>\n<\/tr>\n<tr>\n<td>Comprimento<\/td>\n<td>20,00 \u00a0metros ou maior<\/td>\n<\/tr>\n<\/tbody>\n<\/table>\n<table class=\"infoTecnicas\" width=\"100%\">\n<tbody>\n<tr>\n<td colspan=\"2\"><strong>Ambientes<\/strong><\/td>\n<\/tr>\n<tr>\n<td>Quartos<\/td>\n<td>2<\/td>\n<\/tr>\n<tr>\n<td>Suites<\/td>\n<td>0<\/td>\n<\/tr>\n<tr>\n<td>Banheiros<\/td>\n<td>1<\/td>\n<\/tr>\n<tr>\n<td>Garagem<\/td>\n<td>1 vaga<\/td>\n<\/tr>\n<\/tbody>\n<\/table>\n<table class=\"infoTecnicas\" width=\"100%\">\n<tbody>\n<tr>\n<td colspan=\"2\"><strong>Recuos m\u00ednimo<\/strong><\/td>\n<\/tr>\n<tr>\n<td>Frontal<\/td>\n<td>6,00 metro(s)<\/td>\n<\/tr>\n<tr>\n<td>Lado Esquerdo<\/td>\n<td>1,50 metro(s)<\/td>\n<\/tr>\n<tr>\n<td>Lado Direito<\/td>\n<td>0,00 metro(s)<\/td>\n<\/tr>\n<\/tbody>\n<\/table>\n<p><a href=\"https:\/\/engonline.com.br\/engprojetos\/\">Voltar a Home<\/a><\/p>\n","protected":false},"excerpt":{"rendered":"<p>A entrega do arquivo em DWG ser\u00e1 feita em at\u00e9 3 dias \u00fateis ap\u00f3s a confirma\u00e7\u00e3o do pagamento.<br \/>\nIsto \u00e9 porque voc\u00ea est\u00e1 comprando uma planta pronta rec\u00e9m feita. Iremos desenvolver a Prancha Arquitet\u00f4nica para te enviar.<br \/>\nIr\u00e1 ser liberado um link para download na sua <a href=\"https:\/\/engonline.com.br\/engprojetos\/minha-conta\/\">&#8220;Minha Conta&#8221;<\/a>, mas voc\u00ea tamb\u00e9m poder\u00e1 solicitar por e-mail ou WhatsApp<\/p>\n<p>Incluso:<\/p>\n<table cellspacing=\"10\" cellpadding=\"0\">\n<tbody>\n<tr>\n<td><img decoding=\"async\" src=\"http:\/\/www.plantapronta.com.br\/img\/certo.gif\" alt=\"\" \/>\u00a0\u00a0Todo o\u00a0arquivo digital do projeto em AutoCAD e PDF<\/td>\n<\/tr>\n<tr>\n<td><img decoding=\"async\" src=\"http:\/\/www.plantapronta.com.br\/img\/certo.gif\" alt=\"\" \/>\u00a0\u00a0Planta Baixa, (Para Loca\u00e7\u00e3o)<\/td>\n<\/tr>\n<tr>\n<td><img decoding=\"async\" src=\"http:\/\/www.plantapronta.com.br\/img\/certo.gif\" alt=\"\" \/>\u00a0 Corte Transversal\u00a0(Eleva\u00e7\u00f5es)<\/td>\n<\/tr>\n<tr>\n<td><img decoding=\"async\" src=\"http:\/\/www.plantapronta.com.br\/img\/certo.gif\" alt=\"\" \/>\u00a0 Corte Longitudinal (Eleva\u00e7\u00f5es)<\/td>\n<\/tr>\n<tr>\n<td><img decoding=\"async\" src=\"http:\/\/www.plantapronta.com.br\/img\/certo.gif\" alt=\"\" \/>\u00a0\u00a0Fachada<\/td>\n<\/tr>\n<tr>\n<td><img decoding=\"async\" src=\"http:\/\/www.plantapronta.com.br\/img\/certo.gif\" alt=\"\" \/>\u00a0\u00a0Sugest\u00e3o da Cobertura<\/td>\n<\/tr>\n<tr>\n<td><img decoding=\"async\" src=\"http:\/\/www.plantapronta.com.br\/img\/certo.gif\" alt=\"\" \/> \u00a0Planta de afastamento m\u00ednimo<\/td>\n<\/tr>\n<\/tbody>\n<\/table>\n<p>Projeto n\u00e3o esta incluso:<br \/>\nART de responsabilidade t\u00e9cnica;<br \/>\nRespons\u00e1vel T\u00e9cnico;<br \/>\nAcompanhamento<br \/>\nProjeto de Topografia;<br \/>\nC\u00f3pias impressa;<br \/>\nLevantamento in-loco.<\/p>\n","protected":false},"featured_media":1603,"comment_status":"open","ping_status":"closed","template":"","meta":[],"product_cat":[73,90,44],"product_tag":[45,89,36,92,37,39],"class_list":["post-1601","product","type-product","status-publish","has-post-thumbnail","hentry","product_cat-planta-de-casa","product_cat-popular","product_cat-projetos-de-2-quartos","product_tag-2-quartos","product_tag-89","product_tag-cozinha","product_tag-pop","product_tag-projeto-pronto","product_tag-sala"],"_links":{"self":[{"href":"https:\/\/engonline.com.br\/engprojetos\/wp-json\/wp\/v2\/product\/1601","targetHints":{"allow":["GET"]}}],"collection":[{"href":"https:\/\/engonline.com.br\/engprojetos\/wp-json\/wp\/v2\/product"}],"about":[{"href":"https:\/\/engonline.com.br\/engprojetos\/wp-json\/wp\/v2\/types\/product"}],"replies":[{"embeddable":true,"href":"https:\/\/engonline.com.br\/engprojetos\/wp-json\/wp\/v2\/comments?post=1601"}],"version-history":[{"count":6,"href":"https:\/\/engonline.com.br\/engprojetos\/wp-json\/wp\/v2\/product\/1601\/revisions"}],"predecessor-version":[{"id":2181,"href":"https:\/\/engonline.com.br\/engprojetos\/wp-json\/wp\/v2\/product\/1601\/revisions\/2181"}],"wp:featuredmedia":[{"embeddable":true,"href":"https:\/\/engonline.com.br\/engprojetos\/wp-json\/wp\/v2\/media\/1603"}],"wp:attachment":[{"href":"https:\/\/engonline.com.br\/engprojetos\/wp-json\/wp\/v2\/media?parent=1601"}],"wp:term":[{"taxonomy":"product_cat","embeddable":true,"href":"https:\/\/engonline.com.br\/engprojetos\/wp-json\/wp\/v2\/product_cat?post=1601"},{"taxonomy":"product_tag","embeddable":true,"href":"https:\/\/engonline.com.br\/engprojetos\/wp-json\/wp\/v2\/product_tag?post=1601"}],"curies":[{"name":"wp","href":"https:\/\/api.w.org\/{rel}","templated":true}]}}