{"id":1914,"date":"2024-08-23T23:27:42","date_gmt":"2024-08-24T02:27:42","guid":{"rendered":"https:\/\/engonline.com.br\/engprojetos\/?post_type=product&#038;p=1914"},"modified":"2024-12-29T16:56:16","modified_gmt":"2024-12-29T19:56:16","slug":"sitio-casa-de-campo-sit-0003","status":"publish","type":"product","link":"https:\/\/engonline.com.br\/engprojetos\/produto\/sitio-casa-de-campo-sit-0003\/","title":{"rendered":"Sitio, Casa de Campo SIT.0003"},"content":{"rendered":"<h1>Casa de Campo, S\u00edtio, 185,72m\u00b2 (SIT0003) Sala, Cozinha, 1 Suite, 02 Quartos, Banho, Varanda, \u00c1rea de Servi\u00e7o, \u00c1rea Gourmet, Piscina<\/h1>\n<p>Pague com seguran\u00e7a via <a href=\"https:\/\/www.mercadopago.com.br\/\">MercadoPago<\/a>.<\/p>\n<p>Informa\u00e7\u00f5es t\u00e9cnicas (Confira as informa\u00e7\u00f5es abaixo para implantar o projeto em seu terreno. Procure um profissional local para te auxiliar e para o processo de alvar\u00e1 quando necess\u00e1rio.)<\/p>\n<table class=\"infoTecnicas\" width=\"100%\">\n<tbody>\n<tr>\n<td colspan=\"2\"><strong>Caracter\u00edsticas\u00a0da Constru\u00e7\u00e3o<\/strong><\/td>\n<\/tr>\n<tr>\n<td>\u00c1rea<\/td>\n<td>185,72 metros quadrados<\/td>\n<\/tr>\n<tr>\n<td>Largura<\/td>\n<td>XX metros<\/td>\n<\/tr>\n<tr>\n<td>Comprimento<\/td>\n<td>XX metros<\/td>\n<\/tr>\n<\/tbody>\n<\/table>\n<table class=\"infoTecnicas\" width=\"100%\">\n<tbody>\n<tr>\n<td colspan=\"2\"><strong>Medidas do Terreno<\/strong><\/td>\n<\/tr>\n<tr>\n<td>Largura<\/td>\n<td>XX metros ou maior<\/td>\n<\/tr>\n<tr>\n<td>Comprimento<\/td>\n<td>XX\u00a0 metros ou maior<\/td>\n<\/tr>\n<\/tbody>\n<\/table>\n<table class=\"infoTecnicas\" width=\"100%\">\n<tbody>\n<tr>\n<td colspan=\"2\"><strong>Ambientes<\/strong><\/td>\n<\/tr>\n<tr>\n<td>Quartos<\/td>\n<td>2<\/td>\n<\/tr>\n<tr>\n<td>Suites<\/td>\n<td>1<\/td>\n<\/tr>\n<tr>\n<td>Banheiros<\/td>\n<td>2<\/td>\n<\/tr>\n<tr>\n<td>Garagem<\/td>\n<td>2 vaga<\/td>\n<\/tr>\n<\/tbody>\n<\/table>\n<table class=\"infoTecnicas\" width=\"100%\">\n<tbody>\n<tr>\n<td colspan=\"2\"><strong>Recuos m\u00ednimo<\/strong><\/td>\n<\/tr>\n<tr>\n<td>Frontal<\/td>\n<td>6,00 metro(s)<\/td>\n<\/tr>\n<tr>\n<td>Lado Esquerdo<\/td>\n<td>1,50 metro(s)<\/td>\n<\/tr>\n<tr>\n<td>Lado Direito<\/td>\n<td>1,50 metro(s)<\/td>\n<\/tr>\n<\/tbody>\n<\/table>\n<p><a href=\"https:\/\/engonline.com.br\/engprojetos\/\">Voltar a Home<\/a><\/p>\n","protected":false},"excerpt":{"rendered":"<p>A entrega do arquivo em DWG ser\u00e1 feita em at\u00e9 3 dias \u00fateis ap\u00f3s a confirma\u00e7\u00e3o do pagamento.<br \/>\nIsto \u00e9 porque voc\u00ea est\u00e1 comprando uma planta pronta rec\u00e9m feita. Iremos desenvolver a Prancha Arquitet\u00f4nica para te enviar.<br \/>\nIr\u00e1 ser liberado um link para download na sua <a href=\"https:\/\/engonline.com.br\/engprojetos\/minha-conta\/\">&#8220;Minha Conta&#8221;<\/a>, mas voc\u00ea tamb\u00e9m poder\u00e1 solicitar por e-mail ou WhatsApp<\/p>\n<p>Incluso:<\/p>\n<table cellspacing=\"10\" cellpadding=\"0\">\n<tbody>\n<tr>\n<td><img decoding=\"async\" src=\"http:\/\/www.plantapronta.com.br\/img\/certo.gif\" alt=\"\" \/>\u00a0\u00a0Todo o\u00a0arquivo digital do projeto em AutoCAD e PDF<\/td>\n<\/tr>\n<tr>\n<td><img decoding=\"async\" src=\"http:\/\/www.plantapronta.com.br\/img\/certo.gif\" alt=\"\" \/>\u00a0\u00a0Planta Baixa, (Para Loca\u00e7\u00e3o)<\/td>\n<\/tr>\n<tr>\n<td><img decoding=\"async\" src=\"http:\/\/www.plantapronta.com.br\/img\/certo.gif\" alt=\"\" \/>\u00a0 Corte Transversal\u00a0(Eleva\u00e7\u00f5es)<\/td>\n<\/tr>\n<tr>\n<td><img decoding=\"async\" src=\"http:\/\/www.plantapronta.com.br\/img\/certo.gif\" alt=\"\" \/>\u00a0 Corte Longitudinal (Eleva\u00e7\u00f5es)<\/td>\n<\/tr>\n<tr>\n<td><img decoding=\"async\" src=\"http:\/\/www.plantapronta.com.br\/img\/certo.gif\" alt=\"\" \/>\u00a0\u00a0Fachada<\/td>\n<\/tr>\n<tr>\n<td><img decoding=\"async\" src=\"http:\/\/www.plantapronta.com.br\/img\/certo.gif\" alt=\"\" \/>\u00a0\u00a0Sugest\u00e3o da Cobertura<\/td>\n<\/tr>\n<tr>\n<td><img decoding=\"async\" src=\"http:\/\/www.plantapronta.com.br\/img\/certo.gif\" alt=\"\" \/> \u00a0Planta de afastamento m\u00ednimo<\/td>\n<\/tr>\n<\/tbody>\n<\/table>\n<p>Projeto n\u00e3o esta incluso:<br \/>\nART de responsabilidade t\u00e9cnica;<br \/>\nRespons\u00e1vel T\u00e9cnico;<br \/>\nAcompanhamento<br \/>\nProjeto de Topografia;<br \/>\nC\u00f3pias impressa;<br \/>\nLevantamento in-loco.<\/p>\n","protected":false},"featured_media":1922,"comment_status":"open","ping_status":"closed","template":"","meta":[],"product_cat":[96],"product_tag":[97,95,37,101,98],"class_list":["post-1914","product","type-product","status-publish","has-post-thumbnail","hentry","product_cat-casa-de-campo","product_tag-casa-de-campo","product_tag-planta-pronta","product_tag-projeto-pronto","product_tag-sit0003","product_tag-sitio"],"_links":{"self":[{"href":"https:\/\/engonline.com.br\/engprojetos\/wp-json\/wp\/v2\/product\/1914","targetHints":{"allow":["GET"]}}],"collection":[{"href":"https:\/\/engonline.com.br\/engprojetos\/wp-json\/wp\/v2\/product"}],"about":[{"href":"https:\/\/engonline.com.br\/engprojetos\/wp-json\/wp\/v2\/types\/product"}],"replies":[{"embeddable":true,"href":"https:\/\/engonline.com.br\/engprojetos\/wp-json\/wp\/v2\/comments?post=1914"}],"version-history":[{"count":7,"href":"https:\/\/engonline.com.br\/engprojetos\/wp-json\/wp\/v2\/product\/1914\/revisions"}],"predecessor-version":[{"id":2125,"href":"https:\/\/engonline.com.br\/engprojetos\/wp-json\/wp\/v2\/product\/1914\/revisions\/2125"}],"wp:featuredmedia":[{"embeddable":true,"href":"https:\/\/engonline.com.br\/engprojetos\/wp-json\/wp\/v2\/media\/1922"}],"wp:attachment":[{"href":"https:\/\/engonline.com.br\/engprojetos\/wp-json\/wp\/v2\/media?parent=1914"}],"wp:term":[{"taxonomy":"product_cat","embeddable":true,"href":"https:\/\/engonline.com.br\/engprojetos\/wp-json\/wp\/v2\/product_cat?post=1914"},{"taxonomy":"product_tag","embeddable":true,"href":"https:\/\/engonline.com.br\/engprojetos\/wp-json\/wp\/v2\/product_tag?post=1914"}],"curies":[{"name":"wp","href":"https:\/\/api.w.org\/{rel}","templated":true}]}}