{"id":552,"date":"2020-03-10T18:14:32","date_gmt":"2020-03-10T21:14:32","guid":{"rendered":"https:\/\/engonline.com.br\/engprojetos\/produto\/import-placeholder-for-159\/"},"modified":"2023-07-01T16:46:26","modified_gmt":"2023-07-01T19:46:26","slug":"projeto-estrutural-preco-por-m%c2%b2","status":"publish","type":"product","link":"https:\/\/engonline.com.br\/engprojetos\/produto\/projeto-estrutural-preco-por-m%c2%b2\/","title":{"rendered":"Projeto Estrutural &#8211; Pre\u00e7o por m\u00b2:"},"content":{"rendered":"<h2>\u00a0PROJETO ESTRUTURAL\u00a0\u2013 CRIA\u00c7\u00c3O DO ZERO<\/h2>\n<div>\n<p>COLOQUE A \u00c1REA TOTAL DA CONSTRU\u00c7\u00c3O NO CAMPO QUANTIDADE!<\/p>\n<p>Porque contratar um Projeto do Zero?\u00a0Voc\u00ea ter\u00e1 todas as suas necessidades atendidas. Tudo ser\u00e1 criado sob medida para melhor atender suas necessidades.<\/p>\n<p><strong>Projeto Estrutural:\u00a0<\/strong>\u00c9 um projeto extremamente importante, necess\u00e1rio para estabilidade estrutural da obra e ao planejamento de custos. Segundo a NBR- 12.722\/1992, no caso de se tratar de concreto armado, o projeto estrutural deve compreender:<\/p>\n<ul>\n<li><strong>Loca\u00e7\u00e3o e carga nos pilares da funda\u00e7\u00e3o;<\/strong><\/li>\n<li><strong>Caracter\u00edsticas dos materiais empregados;<\/strong><\/li>\n<li><strong>Plantas de formas de todo o projeto estrutural nas quais devem constar as seguintes indica\u00e7\u00f5es: Qualidade do concreto, tipo de a\u00e7o empregado, tipo de acabamento especial constantes no projeto arquitet\u00f4nico, como: concreto aparente, liso ou aplicado, etc, contra flecha e sobrecargas especiais e qualquer outra indica\u00e7\u00e3o que tornem claro o projeto estrutural e suas limita\u00e7\u00f5es de uso.<\/strong><\/li>\n<li><strong>Desenhos de arma\u00e7\u00e3o de todos os elementos do projeto estrutural;<\/strong><\/li>\n<li><strong>Detalhes em escalas adequadas, para a correta interpreta\u00e7\u00e3o do projeto estrutural, de acordo com a NBR-7191.<\/strong><\/li>\n<\/ul>\n<h4><strong>O QUE IREI RECEBER?<\/strong><\/h4>\n<p>Modelo Projeto Estrutural:<\/p>\n<div id='gallery-1' class='gallery galleryid-552 gallery-columns-6 gallery-size-large'><figure class='gallery-item'>\n\t\t\t<div class='gallery-icon landscape'>\n\t\t\t\t<img loading=\"lazy\" decoding=\"async\" width=\"640\" height=\"457\" src=\"https:\/\/engonline.com.br\/engprojetos\/wp-content\/uploads\/2020\/03\/01-06-FUNDA\u00c7\u00c3O-1024x731.png\" class=\"attachment-large size-large\" alt=\"\" srcset=\"https:\/\/engonline.com.br\/engprojetos\/wp-content\/uploads\/2020\/03\/01-06-FUNDA\u00c7\u00c3O-1024x731.png 1024w, https:\/\/engonline.com.br\/engprojetos\/wp-content\/uploads\/2020\/03\/01-06-FUNDA\u00c7\u00c3O-300x214.png 300w, https:\/\/engonline.com.br\/engprojetos\/wp-content\/uploads\/2020\/03\/01-06-FUNDA\u00c7\u00c3O-768x548.png 768w, https:\/\/engonline.com.br\/engprojetos\/wp-content\/uploads\/2020\/03\/01-06-FUNDA\u00c7\u00c3O-1536x1097.png 1536w, https:\/\/engonline.com.br\/engprojetos\/wp-content\/uploads\/2020\/03\/01-06-FUNDA\u00c7\u00c3O-600x428.png 600w, https:\/\/engonline.com.br\/engprojetos\/wp-content\/uploads\/2020\/03\/01-06-FUNDA\u00c7\u00c3O.png 1640w\" sizes=\"auto, (max-width: 640px) 100vw, 640px\" \/>\n\t\t\t<\/div><\/figure><figure class='gallery-item'>\n\t\t\t<div class='gallery-icon landscape'>\n\t\t\t\t<img loading=\"lazy\" decoding=\"async\" width=\"640\" height=\"457\" src=\"https:\/\/engonline.com.br\/engprojetos\/wp-content\/uploads\/2020\/03\/02-06-PILARES-1024x731.png\" class=\"attachment-large size-large\" alt=\"\" srcset=\"https:\/\/engonline.com.br\/engprojetos\/wp-content\/uploads\/2020\/03\/02-06-PILARES-1024x731.png 1024w, https:\/\/engonline.com.br\/engprojetos\/wp-content\/uploads\/2020\/03\/02-06-PILARES-300x214.png 300w, https:\/\/engonline.com.br\/engprojetos\/wp-content\/uploads\/2020\/03\/02-06-PILARES-768x548.png 768w, https:\/\/engonline.com.br\/engprojetos\/wp-content\/uploads\/2020\/03\/02-06-PILARES-1536x1097.png 1536w, https:\/\/engonline.com.br\/engprojetos\/wp-content\/uploads\/2020\/03\/02-06-PILARES-600x428.png 600w, https:\/\/engonline.com.br\/engprojetos\/wp-content\/uploads\/2020\/03\/02-06-PILARES.png 1640w\" sizes=\"auto, (max-width: 640px) 100vw, 640px\" \/>\n\t\t\t<\/div><\/figure><figure class='gallery-item'>\n\t\t\t<div class='gallery-icon landscape'>\n\t\t\t\t<img loading=\"lazy\" decoding=\"async\" width=\"640\" height=\"457\" src=\"https:\/\/engonline.com.br\/engprojetos\/wp-content\/uploads\/2020\/03\/03-06-FORMAS-1024x731.png\" class=\"attachment-large size-large\" alt=\"\" srcset=\"https:\/\/engonline.com.br\/engprojetos\/wp-content\/uploads\/2020\/03\/03-06-FORMAS-1024x731.png 1024w, https:\/\/engonline.com.br\/engprojetos\/wp-content\/uploads\/2020\/03\/03-06-FORMAS-300x214.png 300w, https:\/\/engonline.com.br\/engprojetos\/wp-content\/uploads\/2020\/03\/03-06-FORMAS-768x548.png 768w, https:\/\/engonline.com.br\/engprojetos\/wp-content\/uploads\/2020\/03\/03-06-FORMAS-1536x1097.png 1536w, https:\/\/engonline.com.br\/engprojetos\/wp-content\/uploads\/2020\/03\/03-06-FORMAS-600x428.png 600w, https:\/\/engonline.com.br\/engprojetos\/wp-content\/uploads\/2020\/03\/03-06-FORMAS.png 1640w\" sizes=\"auto, (max-width: 640px) 100vw, 640px\" \/>\n\t\t\t<\/div><\/figure><figure class='gallery-item'>\n\t\t\t<div class='gallery-icon landscape'>\n\t\t\t\t<img loading=\"lazy\" decoding=\"async\" width=\"640\" height=\"457\" src=\"https:\/\/engonline.com.br\/engprojetos\/wp-content\/uploads\/2020\/03\/04-06-ESCADA-1024x731.png\" class=\"attachment-large size-large\" alt=\"\" srcset=\"https:\/\/engonline.com.br\/engprojetos\/wp-content\/uploads\/2020\/03\/04-06-ESCADA-1024x731.png 1024w, https:\/\/engonline.com.br\/engprojetos\/wp-content\/uploads\/2020\/03\/04-06-ESCADA-300x214.png 300w, https:\/\/engonline.com.br\/engprojetos\/wp-content\/uploads\/2020\/03\/04-06-ESCADA-768x548.png 768w, https:\/\/engonline.com.br\/engprojetos\/wp-content\/uploads\/2020\/03\/04-06-ESCADA-1536x1097.png 1536w, https:\/\/engonline.com.br\/engprojetos\/wp-content\/uploads\/2020\/03\/04-06-ESCADA-600x428.png 600w, https:\/\/engonline.com.br\/engprojetos\/wp-content\/uploads\/2020\/03\/04-06-ESCADA.png 1640w\" sizes=\"auto, (max-width: 640px) 100vw, 640px\" \/>\n\t\t\t<\/div><\/figure><figure class='gallery-item'>\n\t\t\t<div class='gallery-icon landscape'>\n\t\t\t\t<img loading=\"lazy\" decoding=\"async\" width=\"640\" height=\"457\" src=\"https:\/\/engonline.com.br\/engprojetos\/wp-content\/uploads\/2020\/03\/05-06-VIGAS-1024x731.png\" class=\"attachment-large size-large\" alt=\"\" srcset=\"https:\/\/engonline.com.br\/engprojetos\/wp-content\/uploads\/2020\/03\/05-06-VIGAS-1024x731.png 1024w, https:\/\/engonline.com.br\/engprojetos\/wp-content\/uploads\/2020\/03\/05-06-VIGAS-300x214.png 300w, https:\/\/engonline.com.br\/engprojetos\/wp-content\/uploads\/2020\/03\/05-06-VIGAS-768x548.png 768w, https:\/\/engonline.com.br\/engprojetos\/wp-content\/uploads\/2020\/03\/05-06-VIGAS-1536x1097.png 1536w, https:\/\/engonline.com.br\/engprojetos\/wp-content\/uploads\/2020\/03\/05-06-VIGAS-600x428.png 600w, https:\/\/engonline.com.br\/engprojetos\/wp-content\/uploads\/2020\/03\/05-06-VIGAS.png 1640w\" sizes=\"auto, (max-width: 640px) 100vw, 640px\" \/>\n\t\t\t<\/div><\/figure><figure class='gallery-item'>\n\t\t\t<div class='gallery-icon landscape'>\n\t\t\t\t<img loading=\"lazy\" decoding=\"async\" width=\"640\" height=\"360\" src=\"https:\/\/engonline.com.br\/engprojetos\/wp-content\/uploads\/2020\/03\/06-06-3D-1024x576.png\" class=\"attachment-large size-large\" alt=\"\" srcset=\"https:\/\/engonline.com.br\/engprojetos\/wp-content\/uploads\/2020\/03\/06-06-3D-1024x576.png 1024w, https:\/\/engonline.com.br\/engprojetos\/wp-content\/uploads\/2020\/03\/06-06-3D-300x169.png 300w, https:\/\/engonline.com.br\/engprojetos\/wp-content\/uploads\/2020\/03\/06-06-3D-768x432.png 768w, https:\/\/engonline.com.br\/engprojetos\/wp-content\/uploads\/2020\/03\/06-06-3D-600x338.png 600w, https:\/\/engonline.com.br\/engprojetos\/wp-content\/uploads\/2020\/03\/06-06-3D.png 1280w\" sizes=\"auto, (max-width: 640px) 100vw, 640px\" \/>\n\t\t\t<\/div><\/figure>\n\t\t<\/div>\n\n<h4><strong>VANTAGENS EM CONTRATAR NO ENG ONLINE:<\/strong><\/h4>\n<ul>\n<li>Receba toda\u00a0assist\u00eancia necess\u00e1ria para execu\u00e7\u00e3o da Obra;<\/li>\n<li>Quanto maior o projeto mais barato voc\u00ea ir\u00e1 pagar; (Solicite um or\u00e7amento diferenciado no facil@engeonline.com.br)<\/li>\n<li>Contrate os projetos estrutural, el\u00e9trico e hidro sanit\u00e1rio e solicite o Projeto\u00a0Arquitet\u00f4nico sem custos;<\/li>\n<li>Na contrata\u00e7\u00e3o do projeto Arquitet\u00f4nico acima de 400m\u00b2 ganhe o projeto 3D sem custos.<\/li>\n<\/ul>\n<p>&nbsp;<\/p>\n<hr \/>\n<p>Entrega em at\u00e9 15 Dias. Mas iremos passar a data exata da entrega ap\u00f3s confirma\u00e7\u00e3o do pedido.<\/p>\n<p>Projeto acompanha ART de responsabilidade t\u00e9cnica perante projeto Estrutural. N\u00e3o acompanha a ART de execu\u00e7\u00e3o da\u00a0obra.<br \/>\nEngenheiro Civil C\u00e9lio Marcos de Souza<br \/>\nCREA MG n\u00ba 48.247\/D<\/p>\n<hr \/>\n<p>Incluso:<br \/>\n<img loading=\"lazy\" decoding=\"async\" class=\"alignnone wp-image-703\" src=\"https:\/\/engonline.com.br\/engprojetos\/wp-content\/uploads\/2020\/03\/certo.png\" alt=\"\" width=\"20\" height=\"16\" \/> 01 Copia de todo o projeto via Correio devidamente assinadas arquivo digital (AutoCAD) via email<br \/>\n<img loading=\"lazy\" decoding=\"async\" class=\"alignnone wp-image-703\" src=\"https:\/\/engonline.com.br\/engprojetos\/wp-content\/uploads\/2020\/03\/certo.png\" alt=\"\" width=\"20\" height=\"16\" \/> Resumo de A\u00e7o<br \/>\n<img loading=\"lazy\" decoding=\"async\" class=\"alignnone wp-image-703\" src=\"https:\/\/engonline.com.br\/engprojetos\/wp-content\/uploads\/2020\/03\/certo.png\" alt=\"\" width=\"20\" height=\"16\" \/> Rela\u00e7\u00e3o de Ferragens por Viga<br \/>\n<img loading=\"lazy\" decoding=\"async\" class=\"alignnone wp-image-703\" src=\"https:\/\/engonline.com.br\/engprojetos\/wp-content\/uploads\/2020\/03\/certo.png\" alt=\"\" width=\"20\" height=\"16\" \/> Detalhes de Vigas<br \/>\n<img loading=\"lazy\" decoding=\"async\" class=\"alignnone wp-image-703\" src=\"https:\/\/engonline.com.br\/engprojetos\/wp-content\/uploads\/2020\/03\/certo.png\" alt=\"\" width=\"20\" height=\"16\" \/> Detalhes de Formas<br \/>\n<img loading=\"lazy\" decoding=\"async\" class=\"alignnone wp-image-703\" src=\"https:\/\/engonline.com.br\/engprojetos\/wp-content\/uploads\/2020\/03\/certo.png\" alt=\"\" width=\"20\" height=\"16\" \/> Projeto de Formas da Sapata devidamente cotados para loca\u00e7\u00e3o da obra.<br \/>\n<img loading=\"lazy\" decoding=\"async\" class=\"alignnone wp-image-703\" src=\"https:\/\/engonline.com.br\/engprojetos\/wp-content\/uploads\/2020\/03\/certo.png\" alt=\"\" width=\"20\" height=\"16\" \/> Detalhes de Pilares<br \/>\n<img loading=\"lazy\" decoding=\"async\" class=\"alignnone wp-image-703\" src=\"https:\/\/engonline.com.br\/engprojetos\/wp-content\/uploads\/2020\/03\/certo.png\" alt=\"\" width=\"20\" height=\"16\" \/> Detalhes das escadas<\/p>\n<\/div>\n<p>Projeto Estrutural Pre\u00e7o por M\u00b2 apenas R$8,00<\/p>\n<div id=\"gtx-trans\" style=\"position: absolute; left: 689px; top: 526.344px;\">\n<div class=\"gtx-trans-icon\"><\/div>\n<\/div>\n","protected":false},"excerpt":{"rendered":"<h1>Contrate seu\u00a0<span style=\"color: #fea701;\"><strong>Projeto Estrutural Online<\/strong><\/span>\u00a0r\u00e1pido e f\u00e1cil.<\/h1>\n<h2>Como contratar seu Projeto?<br \/>\nVeja como funciona:<\/h2>\n<ol>\n<li>Informe sua \u00e1rea no campo abaixo e fa\u00e7a a\u00a0<span style=\"color: #fea701;\"><strong>Contrata\u00e7\u00e3o<\/strong>\u00a0<strong>Online<\/strong><\/span>;<\/li>\n<li>Ap\u00f3s o\u00a0<span style=\"color: #fea701;\"><strong>pagamento<\/strong>\u00a0<\/span>voc\u00ea ir\u00e1 receber a\u00a0<span style=\"color: #fea701;\"><strong>confirma\u00e7\u00e3o<\/strong>\u00a0<\/span>da\u00a0<span style=\"color: #fea701;\"><strong>contrata\u00e7\u00e3o<\/strong><\/span>;<\/li>\n<li>Envie seu\u00a0<strong><span style=\"color: #fea701;\">Projeto<\/span> <span style=\"color: #fea701;\">Arquitet\u00f4nico<\/span><\/strong><span style=\"color: #fea701;\">\u00a0<\/span>para o e-mail\u00a0<span style=\"color: #fea701;\"><strong>facil@engonline.com.br<\/strong><\/span>;<\/li>\n<li>O\u00a0<span style=\"color: #fea701;\"><strong>prazo<\/strong>\u00a0<\/span>ser\u00e1\u00a0<span style=\"color: #fea701;\"><strong>informado<\/strong>\u00a0<\/span>na confirma\u00e7\u00e3o da contrata\u00e7\u00e3o (entorno de 7 dias \u00fateis por projeto contratado);<\/li>\n<li>Se houver alguma\u00a0<span style=\"color: #fea701;\"><strong>solu\u00e7\u00e3o especial<\/strong><\/span>\u00a0que dever\u00e1 ser realizada\u00a0<span style=\"color: #fea701;\"><strong>iremos<\/strong>\u00a0<\/span>entrar em contato para confirmar;<\/li>\n<li>Receba seu projeto em arquivo\u00a0<span style=\"color: #fea701;\"><strong>DWG<\/strong>\u00a0<\/span>no prazo descrito na confirma\u00e7\u00e3o por\u00a0<span style=\"color: #fea701;\"><strong>e-mail<\/strong><\/span>.<\/li>\n<\/ol>\n<h2>Pre\u00e7os:<\/h2>\n<p>R$3,90\/m\u00b2 \u2013 Projeto de Funda\u00e7\u00e3o + Projeto da Estrutura (Valor m\u00ednimo por Projeto Estrutural: R$390,00)<br \/>\nObs.: N\u00e3o est\u00e1 incluso Projetos de Arrimos\/Conten\u00e7\u00f5es e Piscina.<\/p>\n<h2>Prazos:<\/h2>\n<p>Projetos at\u00e9 500 m\u00b2 prazo de 7 dias \u00fateis.<br \/>\nProjeto de 501 a 1000 m\u00b2 prazo de 10 dias \u00fateis<br \/>\nProjeto de 1001 a 3000 m\u00b2 prazo de 14 dias \u00fateis<br \/>\nAcima de 3001 m\u00b2 prazo de 25 dias \u00fateis.<\/p>\n<h2>O que est\u00e1 incluso no\u00a0Projeto Estrutural:<\/h2>\n<p><img loading=\"lazy\" decoding=\"async\" class=\"alignnone size-medium\" src=\"https:\/\/www.plantapronta.com.br\/img\/check.png\" width=\"15\" height=\"15\" \/>Planta de Loca\u00e7\u00e3o \/ Detalhe de Arma\u00e7\u00e3o das Sapatas-Blocos, Estacas-Brocas<br \/>\n<img loading=\"lazy\" decoding=\"async\" class=\"alignnone size-medium\" src=\"https:\/\/www.plantapronta.com.br\/img\/check.png\" width=\"15\" height=\"15\" \/>Detalhe de Arma\u00e7\u00e3o dos Pilares<br \/>\n<img loading=\"lazy\" decoding=\"async\" class=\"alignnone size-medium\" src=\"https:\/\/www.plantapronta.com.br\/img\/check.png\" width=\"15\" height=\"15\" \/>Planta de Forma \/ 3D da Estrutura \/ Lajes \/ Detalhes<br \/>\n<img loading=\"lazy\" decoding=\"async\" class=\"alignnone size-medium\" src=\"https:\/\/www.plantapronta.com.br\/img\/check.png\" width=\"15\" height=\"15\" \/>Detalhe de Arma\u00e7\u00e3o de Escadas<br \/>\n<img loading=\"lazy\" decoding=\"async\" class=\"alignnone size-medium\" src=\"https:\/\/www.plantapronta.com.br\/img\/check.png\" width=\"15\" height=\"15\" \/>Detalhe de Arma\u00e7\u00e3o das Vigas<\/p>\n<h2>Informe a \u00e1rea total a construir na\u00a0Caixa Abaixo\u00a0clique em \u201ccontratar\u201d:<\/h2>\n","protected":false},"featured_media":709,"comment_status":"closed","ping_status":"closed","template":"","meta":[],"product_cat":[24],"product_tag":[27,25,20,21],"class_list":["post-552","product","type-product","status-publish","has-post-thumbnail","hentry","product_cat-criacao-do-zero","product_tag-calculo-de-estrutura","product_tag-criacao-do-zero","product_tag-estrutural","product_tag-projeto-estrutural"],"_links":{"self":[{"href":"https:\/\/engonline.com.br\/engprojetos\/wp-json\/wp\/v2\/product\/552","targetHints":{"allow":["GET"]}}],"collection":[{"href":"https:\/\/engonline.com.br\/engprojetos\/wp-json\/wp\/v2\/product"}],"about":[{"href":"https:\/\/engonline.com.br\/engprojetos\/wp-json\/wp\/v2\/types\/product"}],"replies":[{"embeddable":true,"href":"https:\/\/engonline.com.br\/engprojetos\/wp-json\/wp\/v2\/comments?post=552"}],"version-history":[{"count":5,"href":"https:\/\/engonline.com.br\/engprojetos\/wp-json\/wp\/v2\/product\/552\/revisions"}],"predecessor-version":[{"id":737,"href":"https:\/\/engonline.com.br\/engprojetos\/wp-json\/wp\/v2\/product\/552\/revisions\/737"}],"wp:featuredmedia":[{"embeddable":true,"href":"https:\/\/engonline.com.br\/engprojetos\/wp-json\/wp\/v2\/media\/709"}],"wp:attachment":[{"href":"https:\/\/engonline.com.br\/engprojetos\/wp-json\/wp\/v2\/media?parent=552"}],"wp:term":[{"taxonomy":"product_cat","embeddable":true,"href":"https:\/\/engonline.com.br\/engprojetos\/wp-json\/wp\/v2\/product_cat?post=552"},{"taxonomy":"product_tag","embeddable":true,"href":"https:\/\/engonline.com.br\/engprojetos\/wp-json\/wp\/v2\/product_tag?post=552"}],"curies":[{"name":"wp","href":"https:\/\/api.w.org\/{rel}","templated":true}]}}