{"id":553,"date":"2020-03-10T18:14:32","date_gmt":"2020-03-10T21:14:32","guid":{"rendered":"https:\/\/engonline.com.br\/engprojetos\/produto\/import-placeholder-for-161\/"},"modified":"2023-07-26T13:43:20","modified_gmt":"2023-07-26T16:43:20","slug":"projeto-eletrico-de-1-a-100m%c2%b2","status":"publish","type":"product","link":"https:\/\/engonline.com.br\/engprojetos\/produto\/projeto-eletrico-de-1-a-100m%c2%b2\/","title":{"rendered":"Projeto El\u00e9trico, de 1 \u00e0 100m\u00b2:"},"content":{"rendered":"<p>OBS.: AP\u00d3S A CONTRATA\u00c7\u00c3O BASTA ENVIAR O PROJETO ARQUIET\u00d4NICO EM DWG PARA O E-MAIL facil@engonline.com.br<\/p>\n<p><strong>Projeto El\u00e9trico:<\/strong><\/p>\n<p>\u00c9 um projeto complementar para constru\u00e7\u00e3o, mas de muita import\u00e2ncia.<\/p>\n<ul>\n<li>Uma instala\u00e7\u00e3o el\u00e9trica \u00e9 composta por centenas de componentes e produtos que devem ser escolhidos e instalados adequadamente, resultando em um funcionamento correto e seguro para os usu\u00e1rios.<\/li>\n<li>Por isso \u00e9 fundamental a realiza\u00e7\u00e3o de um projeto devidamente elaborado por profissionais capacitados ( Arquitetos e Eng. Civis: fins residenciais), evitando que pessoas e patrim\u00f4nios sejam colocados em perigo.<\/li>\n<li>A contrata\u00e7\u00e3o do projeto el\u00e9trico contribui tamb\u00e9m na economia para o usu\u00e1rio, que ter\u00e1 uma lista exata de materiais a comprar, evitando sobras e desperd\u00edcios.\n<div><\/div>\n<h4 class=\"title1\">Projetar a instala\u00e7\u00e3o el\u00e9trica de uma edifica\u00e7\u00e3o consiste em:<\/h4>\n<\/li>\n<li>Quantificar e determinar os tipos e localizar os pontos de utiliza\u00e7\u00e3o de energia el\u00e9trica;<\/li>\n<li>Dimensionar, definir o tipo e o caminhamento dos condutores e condutos;<\/li>\n<li>Dimensionar, definir o tipo e a localiza\u00e7\u00e3o dos dispositivos de prote\u00e7\u00e3o, de comando, de medi\u00e7\u00e3o de energia el\u00e9trica e demais acess\u00f3rios<\/li>\n<\/ul>\n<p>Projeto para carga menor que 50Kva<\/p>\n","protected":false},"excerpt":{"rendered":"<h1>Contrate seu\u00a0<span style=\"color: #fea701;\"><strong>Projeto El\u00e9trico Online<\/strong><\/span>\u00a0r\u00e1pido e f\u00e1cil.<\/h1>\n<h2>Como contratar seu Projeto?<br \/>\nVeja como funciona:<\/h2>\n<ol>\n<li>Se seu projeto tem entre 1 a 100m\u00b2 basta clicar em <span style=\"color: #fea701;\"><strong>Contrata\u00e7\u00e3o<\/strong>\u00a0<strong>Online<\/strong><\/span>;<\/li>\n<li>Ap\u00f3s o\u00a0<span style=\"color: #fea701;\"><strong>pagamento<\/strong><\/span>\u00a0voc\u00ea ir\u00e1 receber a\u00a0<span style=\"color: #fea701;\"><strong>confirma\u00e7\u00e3o<\/strong><\/span>\u00a0da\u00a0<span style=\"color: #fea701;\"><strong>contrata\u00e7\u00e3o<\/strong><\/span>;<\/li>\n<li>Envie seu\u00a0<span style=\"color: #fea701;\"><strong>Projeto Arquitet\u00f4nico<\/strong><\/span>\u00a0para o e-mail\u00a0<span style=\"color: #fea701;\"><strong>facil@engonline.com.br<\/strong><\/span>;<\/li>\n<li>O\u00a0<span style=\"color: #fea701;\"><strong>prazo<\/strong><\/span>\u00a0ser\u00e1\u00a0<span style=\"color: #fea701;\"><strong>informado<\/strong><\/span>\u00a0na confirma\u00e7\u00e3o da contrata\u00e7\u00e3o (entorno de 7 dias \u00fateis por projeto contratado);<\/li>\n<li>Se houver alguma\u00a0<span style=\"color: #fea701;\"><strong>solu\u00e7\u00e3o especial<\/strong><\/span>\u00a0que dever\u00e1 ser realizada\u00a0<span style=\"color: #fea701;\"><strong>iremos<\/strong><\/span>\u00a0entrar em contato para confirmar;<\/li>\n<li>Receba seu projeto em arquivo\u00a0<span style=\"color: #fea701;\"><strong>DWG<\/strong><\/span>\u00a0no prazo descrito na confirma\u00e7\u00e3o por\u00a0<span style=\"color: #fea701;\"><strong>e-mail<\/strong><\/span>.<\/li>\n<\/ol>\n<h2>Pre\u00e7os:<\/h2>\n<p>R$490,00 \u2013 Projeto de distribui\u00e7\u00e3o; Quadro de cargas; Diagramas; Detalhes.<\/p>\n<p>N\u00e3o est\u00e1 incluso: Luminot\u00e9cnico e R.T.<\/p>\n<h2>Prazos:<\/h2>\n<p>Projetos at\u00e9 500 m\u00b2 prazo de 7 dias \u00fateis.<br \/>\nProjeto de 501 a 1000 m\u00b2 prazo de 10 dias \u00fateis<br \/>\nProjeto de 1001 a 3000 m\u00b2 prazo de 14 dias \u00fateis<br \/>\nAcima de 3001 m\u00b2 prazo de 25 dias \u00fateis.<\/p>\n<h2>O que est\u00e1 incluso no <span style=\"color: #fea701;\">Projeto El\u00e9trico<\/span>:<\/h2>\n<p><img loading=\"lazy\" decoding=\"async\" class=\"alignnone size-medium\" src=\"https:\/\/www.plantapronta.com.br\/img\/check.png\" width=\"15\" height=\"15\" \/> Projeto Baixa de distribui\u00e7\u00e3o<br \/>\n<img loading=\"lazy\" decoding=\"async\" class=\"alignnone size-medium\" src=\"https:\/\/www.plantapronta.com.br\/img\/check.png\" width=\"15\" height=\"15\" \/> Quadro de Cargas<br \/>\n<img loading=\"lazy\" decoding=\"async\" class=\"alignnone size-medium\" src=\"https:\/\/www.plantapronta.com.br\/img\/check.png\" width=\"15\" height=\"15\" \/> Diagrama Unifilar<br \/>\n<img loading=\"lazy\" decoding=\"async\" class=\"alignnone size-medium\" src=\"https:\/\/www.plantapronta.com.br\/img\/check.png\" width=\"15\" height=\"15\" \/> Detalhes<\/p>\n<h2>Informe a \u00e1rea total a construir na\u00a0Caixa Abaixo\u00a0clique em \u201ccontratar\u201d:<\/h2>\n","protected":false},"featured_media":695,"comment_status":"open","ping_status":"closed","template":"","meta":[],"product_cat":[24],"product_tag":[25,28],"class_list":["post-553","product","type-product","status-publish","has-post-thumbnail","hentry","product_cat-criacao-do-zero","product_tag-criacao-do-zero","product_tag-projeto-eletrico"],"_links":{"self":[{"href":"https:\/\/engonline.com.br\/engprojetos\/wp-json\/wp\/v2\/product\/553","targetHints":{"allow":["GET"]}}],"collection":[{"href":"https:\/\/engonline.com.br\/engprojetos\/wp-json\/wp\/v2\/product"}],"about":[{"href":"https:\/\/engonline.com.br\/engprojetos\/wp-json\/wp\/v2\/types\/product"}],"replies":[{"embeddable":true,"href":"https:\/\/engonline.com.br\/engprojetos\/wp-json\/wp\/v2\/comments?post=553"}],"version-history":[{"count":7,"href":"https:\/\/engonline.com.br\/engprojetos\/wp-json\/wp\/v2\/product\/553\/revisions"}],"predecessor-version":[{"id":1369,"href":"https:\/\/engonline.com.br\/engprojetos\/wp-json\/wp\/v2\/product\/553\/revisions\/1369"}],"wp:featuredmedia":[{"embeddable":true,"href":"https:\/\/engonline.com.br\/engprojetos\/wp-json\/wp\/v2\/media\/695"}],"wp:attachment":[{"href":"https:\/\/engonline.com.br\/engprojetos\/wp-json\/wp\/v2\/media?parent=553"}],"wp:term":[{"taxonomy":"product_cat","embeddable":true,"href":"https:\/\/engonline.com.br\/engprojetos\/wp-json\/wp\/v2\/product_cat?post=553"},{"taxonomy":"product_tag","embeddable":true,"href":"https:\/\/engonline.com.br\/engprojetos\/wp-json\/wp\/v2\/product_tag?post=553"}],"curies":[{"name":"wp","href":"https:\/\/api.w.org\/{rel}","templated":true}]}}